{"id":263246,"date":"2022-09-07T11:02:29","date_gmt":"2022-09-07T09:02:29","guid":{"rendered":"https:\/\/atlanttic.ideit.es\/?page_id=263246"},"modified":"2025-07-29T10:58:45","modified_gmt":"2025-07-29T08:58:45","slug":"presentacion","status":"publish","type":"page","link":"https:\/\/atlanttic.uvigo.es\/gl\/o-centro\/presentacion\/","title":{"rendered":"Presentaci\u00f3n"},"content":{"rendered":"\n<div class=\"wp-block-columns\">\n<div class=\"wp-block-column\" style=\"flex-basis:40%\">\n<p>Dese\u00f1ar hoxe as comunicaci\u00f3ns do futuro e dar resposta \u00e1s necesidades da sociedade \u00e9 a raz\u00f3n de ser de atlanTTic, o Centro de Investigaci\u00f3n en Tecnolox\u00edas de Telecomunicaci\u00f3n da Universidade de Vigo. Con m\u00e1is de 150 profesionais, apoiados nuns laboratorios e infraestruturas de referencia internacional, centramos a nosa actividade en tres \u00e1reas de investigaci\u00f3n: comunicaci\u00f3ns, servizos dixitais e ciberseguridade.<\/p>\n\n\n\n<p>O noso principal obxectivo \u00e9 investigar, atraer e reter talento, xerar co\u00f1ecemento de alto valor engadido e transferilo ao tecido produtivo. Participamos e lideramos proxectos de investigaci\u00f3n e iniciativas tractoras, colaborando con socios tecnol\u00f3xicos nacionais e internacionais.<\/p>\n\n\n\n<p class=\"has-secondary-color has-text-color\"><strong>atlanTTic conta co reco\u00f1ecemento CIGUS da Xunta de Galicia, que acredita a calidade e impacto da s\u00faa investigaci\u00f3n.<\/strong><\/p>\n<\/div>\n\n\n\n<div class=\"wp-block-column\" style=\"flex-basis:60%\">\n<figure class=\"wp-block-embed is-type-video is-provider-youtube wp-block-embed-youtube wp-embed-aspect-16-9 wp-has-aspect-ratio\"><div class=\"wp-block-embed__wrapper\">\n<iframe loading=\"lazy\" title=\"V\u00eddeo corporativo atlanTTic 2023\" width=\"500\" height=\"281\" src=\"https:\/\/www.youtube.com\/embed\/ruZ9ln5fgzE?feature=oembed\" frameborder=\"0\" allow=\"accelerometer; autoplay; clipboard-write; encrypted-media; gyroscope; picture-in-picture; web-share\" referrerpolicy=\"strict-origin-when-cross-origin\" allowfullscreen><\/iframe>\n<\/div><\/figure>\n<\/div>\n<\/div>\n\n\n\n<p class=\"has-secondary-color has-text-color has-large-font-size\"><strong>Misi\u00f3n, visi\u00f3n e valores<\/strong><\/p>\n\n\n\n<p>O nosa misi\u00f3n \u00e9 impulsar o avance da sociedade a trav\u00e9s da xeraci\u00f3n e da transferencia de co\u00f1ecemento no \u00e1mbito das tecnolox\u00edas de telecomunicaci\u00f3n e dos servizos dixitais.<\/p>\n\n\n\n<p>A nosa visi\u00f3n \u00e9 ser un actor clave a nivel internacional no avance da investigaci\u00f3n e da innovaci\u00f3n en tecnolox\u00edas de telecomunicaci\u00f3n e servizos dixitais.<\/p>\n\n\n\n<p>Os principais valores de atlanTTic son os seguintes: <\/p>\n\n\n\n<ul class=\"wp-block-list\">\n<li>Ciencia aberta, accesible e transferible<\/li>\n\n\n\n<li>Excelencia en investigaci\u00f3n e innovaci\u00f3n<\/li>\n\n\n\n<li>Multidisciplinariedade e interdisciplinariedade<\/li>\n\n\n\n<li>Inclusividade e igualdade<\/li>\n\n\n\n<li>Compromiso coa sociedade e a sostibilidade<\/li>\n\n\n\n<li>\u00c9tica e integridade<\/li>\n<\/ul>\n","protected":false},"excerpt":{"rendered":"<p>Dese\u00f1ar hoxe as comunicaci\u00f3ns do futuro e dar resposta \u00e1s necesidades da sociedade \u00e9 a raz\u00f3n de ser de atlanTTic, o Centro de Investigaci\u00f3n&hellip;<\/p>\n","protected":false},"author":1,"featured_media":0,"parent":263208,"menu_order":0,"comment_status":"closed","ping_status":"closed","template":"","meta":{"_acf_changed":false,"footnotes":""},"class_list":["post-263246","page","type-page","status-publish","hentry"],"acf":[],"yoast_head":"<!-- This site is optimized with the Yoast SEO plugin v27.6 - https:\/\/yoast.com\/product\/yoast-seo-wordpress\/ -->\n<title>Presentaci\u00f3n - atlanTTic<\/title>\n<meta name=\"robots\" content=\"index, follow, max-snippet:-1, max-image-preview:large, max-video-preview:-1\" \/>\n<link rel=\"canonical\" href=\"https:\/\/atlanttic.uvigo.es\/gl\/o-centro\/presentacion\/\" \/>\n<meta property=\"og:locale\" content=\"gl_ES\" \/>\n<meta property=\"og:type\" content=\"article\" \/>\n<meta property=\"og:title\" content=\"Presentaci\u00f3n - atlanTTic\" \/>\n<meta property=\"og:description\" content=\"Dese\u00f1ar hoxe as comunicaci\u00f3ns do futuro e dar resposta \u00e1s necesidades da sociedade \u00e9 a raz\u00f3n de ser de atlanTTic, o Centro de Investigaci\u00f3n&hellip;\" \/>\n<meta property=\"og:url\" content=\"https:\/\/atlanttic.uvigo.es\/gl\/o-centro\/presentacion\/\" \/>\n<meta property=\"og:site_name\" content=\"atlanTTic\" \/>\n<meta property=\"article:modified_time\" content=\"2025-07-29T08:58:45+00:00\" \/>\n<meta name=\"twitter:card\" content=\"summary_large_image\" \/>\n<meta name=\"twitter:label1\" content=\"Tempo de lectura\" \/>\n\t<meta name=\"twitter:data1\" content=\"2 minutos\" \/>\n<script type=\"application\/ld+json\" class=\"yoast-schema-graph\">{\"@context\":\"https:\\\/\\\/schema.org\",\"@graph\":[{\"@type\":\"WebPage\",\"@id\":\"https:\\\/\\\/atlanttic.uvigo.es\\\/gl\\\/o-centro\\\/presentacion\\\/\",\"url\":\"https:\\\/\\\/atlanttic.uvigo.es\\\/gl\\\/o-centro\\\/presentacion\\\/\",\"name\":\"Presentaci\u00f3n - atlanTTic\",\"isPartOf\":{\"@id\":\"https:\\\/\\\/atlanttic.uvigo.es\\\/gl\\\/#website\"},\"datePublished\":\"2022-09-07T09:02:29+00:00\",\"dateModified\":\"2025-07-29T08:58:45+00:00\",\"breadcrumb\":{\"@id\":\"https:\\\/\\\/atlanttic.uvigo.es\\\/gl\\\/o-centro\\\/presentacion\\\/#breadcrumb\"},\"inLanguage\":\"gl-ES\",\"potentialAction\":[{\"@type\":\"ReadAction\",\"target\":[\"https:\\\/\\\/atlanttic.uvigo.es\\\/gl\\\/o-centro\\\/presentacion\\\/\"]}]},{\"@type\":\"BreadcrumbList\",\"@id\":\"https:\\\/\\\/atlanttic.uvigo.es\\\/gl\\\/o-centro\\\/presentacion\\\/#breadcrumb\",\"itemListElement\":[{\"@type\":\"ListItem\",\"position\":1,\"name\":\"Portada\",\"item\":\"https:\\\/\\\/atlanttic.uvigo.es\\\/gl\\\/\"},{\"@type\":\"ListItem\",\"position\":2,\"name\":\"O Centro\",\"item\":\"https:\\\/\\\/atlanttic.uvigo.es\\\/gl\\\/o-centro\\\/\"},{\"@type\":\"ListItem\",\"position\":3,\"name\":\"Presentaci\u00f3n\"}]},{\"@type\":\"WebSite\",\"@id\":\"https:\\\/\\\/atlanttic.uvigo.es\\\/gl\\\/#website\",\"url\":\"https:\\\/\\\/atlanttic.uvigo.es\\\/gl\\\/\",\"name\":\"atlanTTic\",\"description\":\"\",\"publisher\":{\"@id\":\"https:\\\/\\\/atlanttic.uvigo.es\\\/gl\\\/#organization\"},\"potentialAction\":[{\"@type\":\"SearchAction\",\"target\":{\"@type\":\"EntryPoint\",\"urlTemplate\":\"https:\\\/\\\/atlanttic.uvigo.es\\\/gl\\\/?s={search_term_string}\"},\"query-input\":{\"@type\":\"PropertyValueSpecification\",\"valueRequired\":true,\"valueName\":\"search_term_string\"}}],\"inLanguage\":\"gl-ES\"},{\"@type\":\"Organization\",\"@id\":\"https:\\\/\\\/atlanttic.uvigo.es\\\/gl\\\/#organization\",\"name\":\"atlanTTic\",\"url\":\"https:\\\/\\\/atlanttic.uvigo.es\\\/gl\\\/\",\"logo\":{\"@type\":\"ImageObject\",\"inLanguage\":\"gl-ES\",\"@id\":\"https:\\\/\\\/atlanttic.uvigo.es\\\/gl\\\/#\\\/schema\\\/logo\\\/image\\\/\",\"url\":\"https:\\\/\\\/atlanttic.uvigo.es\\\/wp-content\\\/uploads\\\/2022\\\/08\\\/atlanttic-logo.png\",\"contentUrl\":\"https:\\\/\\\/atlanttic.uvigo.es\\\/wp-content\\\/uploads\\\/2022\\\/08\\\/atlanttic-logo.png\",\"width\":551,\"height\":160,\"caption\":\"atlanTTic\"},\"image\":{\"@id\":\"https:\\\/\\\/atlanttic.uvigo.es\\\/gl\\\/#\\\/schema\\\/logo\\\/image\\\/\"}}]}<\/script>\n<!-- \/ Yoast SEO plugin. -->","yoast_head_json":{"title":"Presentaci\u00f3n - atlanTTic","robots":{"index":"index","follow":"follow","max-snippet":"max-snippet:-1","max-image-preview":"max-image-preview:large","max-video-preview":"max-video-preview:-1"},"canonical":"https:\/\/atlanttic.uvigo.es\/gl\/o-centro\/presentacion\/","og_locale":"gl_ES","og_type":"article","og_title":"Presentaci\u00f3n - atlanTTic","og_description":"Dese\u00f1ar hoxe as comunicaci\u00f3ns do futuro e dar resposta \u00e1s necesidades da sociedade \u00e9 a raz\u00f3n de ser de atlanTTic, o Centro de Investigaci\u00f3n&hellip;","og_url":"https:\/\/atlanttic.uvigo.es\/gl\/o-centro\/presentacion\/","og_site_name":"atlanTTic","article_modified_time":"2025-07-29T08:58:45+00:00","twitter_card":"summary_large_image","twitter_misc":{"Tempo de lectura":"2 minutos"},"schema":{"@context":"https:\/\/schema.org","@graph":[{"@type":"WebPage","@id":"https:\/\/atlanttic.uvigo.es\/gl\/o-centro\/presentacion\/","url":"https:\/\/atlanttic.uvigo.es\/gl\/o-centro\/presentacion\/","name":"Presentaci\u00f3n - atlanTTic","isPartOf":{"@id":"https:\/\/atlanttic.uvigo.es\/gl\/#website"},"datePublished":"2022-09-07T09:02:29+00:00","dateModified":"2025-07-29T08:58:45+00:00","breadcrumb":{"@id":"https:\/\/atlanttic.uvigo.es\/gl\/o-centro\/presentacion\/#breadcrumb"},"inLanguage":"gl-ES","potentialAction":[{"@type":"ReadAction","target":["https:\/\/atlanttic.uvigo.es\/gl\/o-centro\/presentacion\/"]}]},{"@type":"BreadcrumbList","@id":"https:\/\/atlanttic.uvigo.es\/gl\/o-centro\/presentacion\/#breadcrumb","itemListElement":[{"@type":"ListItem","position":1,"name":"Portada","item":"https:\/\/atlanttic.uvigo.es\/gl\/"},{"@type":"ListItem","position":2,"name":"O Centro","item":"https:\/\/atlanttic.uvigo.es\/gl\/o-centro\/"},{"@type":"ListItem","position":3,"name":"Presentaci\u00f3n"}]},{"@type":"WebSite","@id":"https:\/\/atlanttic.uvigo.es\/gl\/#website","url":"https:\/\/atlanttic.uvigo.es\/gl\/","name":"atlanTTic","description":"","publisher":{"@id":"https:\/\/atlanttic.uvigo.es\/gl\/#organization"},"potentialAction":[{"@type":"SearchAction","target":{"@type":"EntryPoint","urlTemplate":"https:\/\/atlanttic.uvigo.es\/gl\/?s={search_term_string}"},"query-input":{"@type":"PropertyValueSpecification","valueRequired":true,"valueName":"search_term_string"}}],"inLanguage":"gl-ES"},{"@type":"Organization","@id":"https:\/\/atlanttic.uvigo.es\/gl\/#organization","name":"atlanTTic","url":"https:\/\/atlanttic.uvigo.es\/gl\/","logo":{"@type":"ImageObject","inLanguage":"gl-ES","@id":"https:\/\/atlanttic.uvigo.es\/gl\/#\/schema\/logo\/image\/","url":"https:\/\/atlanttic.uvigo.es\/wp-content\/uploads\/2022\/08\/atlanttic-logo.png","contentUrl":"https:\/\/atlanttic.uvigo.es\/wp-content\/uploads\/2022\/08\/atlanttic-logo.png","width":551,"height":160,"caption":"atlanTTic"},"image":{"@id":"https:\/\/atlanttic.uvigo.es\/gl\/#\/schema\/logo\/image\/"}}]}},"_links":{"self":[{"href":"https:\/\/atlanttic.uvigo.es\/gl\/wp-json\/wp\/v2\/pages\/263246","targetHints":{"allow":["GET"]}}],"collection":[{"href":"https:\/\/atlanttic.uvigo.es\/gl\/wp-json\/wp\/v2\/pages"}],"about":[{"href":"https:\/\/atlanttic.uvigo.es\/gl\/wp-json\/wp\/v2\/types\/page"}],"author":[{"embeddable":true,"href":"https:\/\/atlanttic.uvigo.es\/gl\/wp-json\/wp\/v2\/users\/1"}],"replies":[{"embeddable":true,"href":"https:\/\/atlanttic.uvigo.es\/gl\/wp-json\/wp\/v2\/comments?post=263246"}],"version-history":[{"count":20,"href":"https:\/\/atlanttic.uvigo.es\/gl\/wp-json\/wp\/v2\/pages\/263246\/revisions"}],"predecessor-version":[{"id":295294,"href":"https:\/\/atlanttic.uvigo.es\/gl\/wp-json\/wp\/v2\/pages\/263246\/revisions\/295294"}],"up":[{"embeddable":true,"href":"https:\/\/atlanttic.uvigo.es\/gl\/wp-json\/wp\/v2\/pages\/263208"}],"wp:attachment":[{"href":"https:\/\/atlanttic.uvigo.es\/gl\/wp-json\/wp\/v2\/media?parent=263246"}],"curies":[{"name":"wp","href":"https:\/\/api.w.org\/{rel}","templated":true}]}}