{"id":263247,"date":"2022-09-07T11:02:52","date_gmt":"2022-09-07T09:02:52","guid":{"rendered":"https:\/\/atlanttic.ideit.es\/?page_id=263247"},"modified":"2024-02-01T18:11:29","modified_gmt":"2024-02-01T17:11:29","slug":"as-nosas-cifras","status":"publish","type":"page","link":"https:\/\/atlanttic.uvigo.es\/gl\/o-centro\/as-nosas-cifras\/","title":{"rendered":"As nosas cifras"},"content":{"rendered":"\n<p class=\"is-style-double-column has-secondary-color has-text-color\" style=\"font-size:23px\">Nacimos no 2010 e desde ent\u00f3n mantemos como obxectivos formar e atraer o mellor persoal investigador no noso \u00e1mbito, captar proxectos I+D europeos e internacionais, a excelencia investigadora coa calidade das publicaci\u00f3ns como principal indicador e a transferencia do co\u00f1ecemento e tecnolox\u00edas \u00e1 sociedade e tecido industrial. O noso persoal investigador \u00e9 o responsable das nosas boas cifras anuales, que amosamos a continuaci\u00f3n.<\/p>\n\n\n<div id=\"counters-block_7da1bc7db866d2cfb65ff1b351e70da4\" class=\"counters\">\n\n      <div class=\"counters__row\">\n                                            <div class=\"counters__item\" data-number=\"7\" data-suffix=\"\">\n            <div class=\"counters__item__content\">\n              <div class=\"counters__item__circle\">\n                <div class=\"counters__number\">7<\/div>\n                                  <div class=\"counters__title\">M\u20ac<\/div>\n                              <\/div>\n            <\/div>\n            <div class=\"counters__description\">Ingresos I+D<\/div>\n          <\/div>\n                                                    <div class=\"counters__item\" data-number=\"191\" data-suffix=\"\">\n            <div class=\"counters__item__content\">\n              <div class=\"counters__item__circle\">\n                <div class=\"counters__number\">191<\/div>\n                              <\/div>\n            <\/div>\n            <div class=\"counters__description\">Equipo<\/div>\n          <\/div>\n                                                                                      <div class=\"counters__item\" data-number=\"2\" data-suffix=\",1\">\n            <div class=\"counters__item__content\">\n              <div class=\"counters__item__circle\">\n                <div class=\"counters__number\">2<\/div>\n                                  <div class=\"counters__title\">,1M\u20ac<\/div>\n                              <\/div>\n            <\/div>\n            <div class=\"counters__description\">Transferencia<\/div>\n          <\/div>\n                                                    <div class=\"counters__item\" data-number=\"100\" data-suffix=\"\">\n            <div class=\"counters__item__content\">\n              <div class=\"counters__item__circle\">\n                <div class=\"counters__number\">100<\/div>\n                              <\/div>\n            <\/div>\n            <div class=\"counters__description\">Publicaci\u00f3ns<\/div>\n          <\/div>\n                                                    <div class=\"counters__item\" data-number=\"5\" data-suffix=\"\">\n            <div class=\"counters__item__content\">\n              <div class=\"counters__item__circle\">\n                <div class=\"counters__number\">5<\/div>\n                              <\/div>\n            <\/div>\n            <div class=\"counters__description\">Spin-offs<\/div>\n          <\/div>\n                  <\/div>\n  \n<\/div>\n\n\n\n<div class=\"wp-block-group is-style-fullwidth has-secondary-background-color has-background\" style=\"padding-top:4rem;padding-bottom:7rem\"><div class=\"wp-block-group__inner-container\">\n<h2 class=\"wp-block-heading has-white-color has-text-color\">A nosa historia en 5 fitos<\/h2>\n\n\n<div id=\"milestone-slider-block_b5d36ffbb24b5622c2d07a5e6fbf2f3f\" class=\"milestone-slider is-light\">\n  \n  <div class=\"milestone-slider__items\">\n              <div class=\"milestone-slider__item\">\n        <div class=\"milestone-slider__row row\">\n\n          <div class=\"milestone-slider__info col-12\">\n            <div class=\"milestone-slider__title\">2010. Creaci\u00f3n<\/div>\n          <\/div>\n\n          <div class=\"milestone-slider__info col-lg-6\">\n            <div class=\"milestone-slider__description\">\n<p>Neste ano iniciamos a nosa andadura como agrupaci\u00f3n AtlantTIC, constitu\u00edndonos nun axente agregador do co\u00f1ecemento e excelencia investigadora, con mais de 150 investigadoras e investigadores no \u00e1mbito das telecomunicaci\u00f3ns. Nuria Gonz\u00e1lez Prelcic, a nosa primeira directora, definiunos coma \u201cuna estrutura investigadora potente e eficiente, de tama\u00f1o manexable e capaz de abordar proxectos colaborativos\u201d.<\/p>\n<\/div>\n          <\/div>\n                      <div class=\"milestone-slider__media col-lg-6\">\n              <div class=\"milestone-slider__thumbnail\">\n                <img loading=\"lazy\" decoding=\"async\" width=\"1200\" height=\"675\" src=\"https:\/\/atlanttic.uvigo.es\/wp-content\/uploads\/2022\/10\/TimeLine-NaceAtlanTTic.jpg\" class=\"img-fluid wp-post-image\" alt=\"\" srcset=\"https:\/\/atlanttic.uvigo.es\/wp-content\/uploads\/2022\/10\/TimeLine-NaceAtlanTTic.jpg 1200w, https:\/\/atlanttic.uvigo.es\/wp-content\/uploads\/2022\/10\/TimeLine-NaceAtlanTTic-300x169.jpg 300w, https:\/\/atlanttic.uvigo.es\/wp-content\/uploads\/2022\/10\/TimeLine-NaceAtlanTTic-1024x576.jpg 1024w, https:\/\/atlanttic.uvigo.es\/wp-content\/uploads\/2022\/10\/TimeLine-NaceAtlanTTic-768x432.jpg 768w, https:\/\/atlanttic.uvigo.es\/wp-content\/uploads\/2022\/10\/TimeLine-NaceAtlanTTic-800x450.jpg 800w\" sizes=\"auto, (max-width: 1200px) 100vw, 1200px\" \/>\n                                              <\/div>\n            <\/div>\n          \n        <\/div>\n        <\/div>\n              <div class=\"milestone-slider__item\">\n        <div class=\"milestone-slider__row row\">\n\n          <div class=\"milestone-slider__info col-12\">\n            <div class=\"milestone-slider__title\">2010-2014. Agrupaci\u00f3n Estrat\u00e9xica<\/div>\n          <\/div>\n\n          <div class=\"milestone-slider__info col-lg-6\">\n            <div class=\"milestone-slider__description\">\n<p>Durante os primeiros catro anos, continuamos co noso desenvolvemento, sumando ata perto de 180 profesionais reco\u00f1ecidos pola s\u00faa excelencia cient\u00edfica e capacidade de transferencia, e comprometidos co desenvolvemento da investigaci\u00f3n no campo das Tecnolox\u00edas da Informaci\u00f3n e a Comunicaci\u00f3n (TIC).<\/p>\n<\/div>\n          <\/div>\n                      <div class=\"milestone-slider__media col-lg-6\">\n              <div class=\"milestone-slider__thumbnail\">\n                <img loading=\"lazy\" decoding=\"async\" width=\"1200\" height=\"675\" src=\"https:\/\/atlanttic.uvigo.es\/wp-content\/uploads\/2022\/11\/agrupacion-estratexica-1200x675-1.jpg\" class=\"img-fluid wp-post-image\" alt=\"\" srcset=\"https:\/\/atlanttic.uvigo.es\/wp-content\/uploads\/2022\/11\/agrupacion-estratexica-1200x675-1.jpg 1200w, https:\/\/atlanttic.uvigo.es\/wp-content\/uploads\/2022\/11\/agrupacion-estratexica-1200x675-1-300x169.jpg 300w, https:\/\/atlanttic.uvigo.es\/wp-content\/uploads\/2022\/11\/agrupacion-estratexica-1200x675-1-1024x576.jpg 1024w, https:\/\/atlanttic.uvigo.es\/wp-content\/uploads\/2022\/11\/agrupacion-estratexica-1200x675-1-768x432.jpg 768w, https:\/\/atlanttic.uvigo.es\/wp-content\/uploads\/2022\/11\/agrupacion-estratexica-1200x675-1-800x450.jpg 800w\" sizes=\"auto, (max-width: 1200px) 100vw, 1200px\" \/>\n                                              <\/div>\n            <\/div>\n          \n        <\/div>\n        <\/div>\n              <div class=\"milestone-slider__item\">\n        <div class=\"milestone-slider__row row\">\n\n          <div class=\"milestone-slider__info col-12\">\n            <div class=\"milestone-slider__title\">2014-2016. Agrupaci\u00f3n Estrat\u00e9xica Consolida<\/div>\n          <\/div>\n\n          <div class=\"milestone-slider__info col-lg-6\">\n            <div class=\"milestone-slider__description\">\n<p>Neste periodo, continuamos mantendo unha intensa vinculaci\u00f3n coa academia e o tecido empresarial. No ano 2016, o goberno galego av\u00e1lanos como Centro Singular de Investigaci\u00f3n de Galicia, e desde aqu\u00ed asume a direcci\u00f3n do centro Carlos Mosquera Nartallo.<\/p>\n<\/div>\n          <\/div>\n                      <div class=\"milestone-slider__media col-lg-6\">\n              <div class=\"milestone-slider__thumbnail\">\n                <img loading=\"lazy\" decoding=\"async\" width=\"1200\" height=\"675\" src=\"https:\/\/atlanttic.uvigo.es\/wp-content\/uploads\/2022\/11\/agrupacion-estratexica-consolidada-1200x675-1.jpg\" class=\"img-fluid wp-post-image\" alt=\"\" srcset=\"https:\/\/atlanttic.uvigo.es\/wp-content\/uploads\/2022\/11\/agrupacion-estratexica-consolidada-1200x675-1.jpg 1200w, https:\/\/atlanttic.uvigo.es\/wp-content\/uploads\/2022\/11\/agrupacion-estratexica-consolidada-1200x675-1-300x169.jpg 300w, https:\/\/atlanttic.uvigo.es\/wp-content\/uploads\/2022\/11\/agrupacion-estratexica-consolidada-1200x675-1-1024x576.jpg 1024w, https:\/\/atlanttic.uvigo.es\/wp-content\/uploads\/2022\/11\/agrupacion-estratexica-consolidada-1200x675-1-768x432.jpg 768w, https:\/\/atlanttic.uvigo.es\/wp-content\/uploads\/2022\/11\/agrupacion-estratexica-consolidada-1200x675-1-800x450.jpg 800w\" sizes=\"auto, (max-width: 1200px) 100vw, 1200px\" \/>\n                                              <\/div>\n            <\/div>\n          \n        <\/div>\n        <\/div>\n              <div class=\"milestone-slider__item\">\n        <div class=\"milestone-slider__row row\">\n\n          <div class=\"milestone-slider__info col-12\">\n            <div class=\"milestone-slider__title\">2016-2019. Centro Singular de Investigaci\u00f3n de Galicia<\/div>\n          <\/div>\n\n          <div class=\"milestone-slider__info col-lg-6\">\n            <div class=\"milestone-slider__description\">\n<p>Xa como centro de investigaci\u00f3n, impulsado pola Universidade de Vigo, actualizamos a nosa imaxe e estratexia, pasando a denominarnos atlanTTic para enfatizar o noso valor diferencial: as Tecnolox\u00edas de Telecomunicaci\u00f3n.<\/p>\n<\/div>\n          <\/div>\n                      <div class=\"milestone-slider__media col-lg-6\">\n              <div class=\"milestone-slider__thumbnail\">\n                <img loading=\"lazy\" decoding=\"async\" width=\"1200\" height=\"675\" src=\"https:\/\/atlanttic.uvigo.es\/wp-content\/uploads\/2022\/11\/centro-de-investigacion-singular-de-galicia-1200x675-1.jpg\" class=\"img-fluid wp-post-image\" alt=\"\" srcset=\"https:\/\/atlanttic.uvigo.es\/wp-content\/uploads\/2022\/11\/centro-de-investigacion-singular-de-galicia-1200x675-1.jpg 1200w, https:\/\/atlanttic.uvigo.es\/wp-content\/uploads\/2022\/11\/centro-de-investigacion-singular-de-galicia-1200x675-1-300x169.jpg 300w, https:\/\/atlanttic.uvigo.es\/wp-content\/uploads\/2022\/11\/centro-de-investigacion-singular-de-galicia-1200x675-1-1024x576.jpg 1024w, https:\/\/atlanttic.uvigo.es\/wp-content\/uploads\/2022\/11\/centro-de-investigacion-singular-de-galicia-1200x675-1-768x432.jpg 768w, https:\/\/atlanttic.uvigo.es\/wp-content\/uploads\/2022\/11\/centro-de-investigacion-singular-de-galicia-1200x675-1-800x450.jpg 800w\" sizes=\"auto, (max-width: 1200px) 100vw, 1200px\" \/>\n                                              <\/div>\n            <\/div>\n          \n        <\/div>\n        <\/div>\n              <div class=\"milestone-slider__item\">\n        <div class=\"milestone-slider__row row\">\n\n          <div class=\"milestone-slider__info col-12\">\n            <div class=\"milestone-slider__title\">2019-actualidade. Centro de Investigaci\u00f3n do SUG<\/div>\n          <\/div>\n\n          <div class=\"milestone-slider__info col-lg-6\">\n            <div class=\"milestone-slider__description\">\n<p>A finais do 2019, renovamos a nosa acreditaci\u00f3n como centro e pasamos a denominarnos Centro de Investigaci\u00f3n do SUG, quedando integrados na nova rede constituida por centros de excelencia de Galicia, a rede CIGUS. No ano 2020 toma o relevo na direcci\u00f3n Mart\u00edn Llamas Nistal, quen dirixe o centro na actualidade.<\/p>\n<\/div>\n          <\/div>\n                      <div class=\"milestone-slider__media col-lg-6\">\n              <div class=\"milestone-slider__thumbnail\">\n                <img loading=\"lazy\" decoding=\"async\" width=\"1200\" height=\"675\" src=\"https:\/\/atlanttic.uvigo.es\/wp-content\/uploads\/2022\/11\/Centro-de-Investigacion-do-SUG-1200x675-1.png\" class=\"img-fluid wp-post-image\" alt=\"\" srcset=\"https:\/\/atlanttic.uvigo.es\/wp-content\/uploads\/2022\/11\/Centro-de-Investigacion-do-SUG-1200x675-1.png 1200w, https:\/\/atlanttic.uvigo.es\/wp-content\/uploads\/2022\/11\/Centro-de-Investigacion-do-SUG-1200x675-1-300x169.png 300w, https:\/\/atlanttic.uvigo.es\/wp-content\/uploads\/2022\/11\/Centro-de-Investigacion-do-SUG-1200x675-1-1024x576.png 1024w, https:\/\/atlanttic.uvigo.es\/wp-content\/uploads\/2022\/11\/Centro-de-Investigacion-do-SUG-1200x675-1-768x432.png 768w, https:\/\/atlanttic.uvigo.es\/wp-content\/uploads\/2022\/11\/Centro-de-Investigacion-do-SUG-1200x675-1-800x450.png 800w\" sizes=\"auto, (max-width: 1200px) 100vw, 1200px\" \/>\n                                              <\/div>\n            <\/div>\n          \n        <\/div>\n        <\/div>\n        <\/div>\n\n  <div class=\"milestone-slider__selectors\">\n    <div class=\"milestone-slider__selectors__list\">\n              <div data-slide-position=\"0\" class=\"milestone-slider__selectors__list__item  active \">2010<\/div>\n              <div data-slide-position=\"1\" class=\"milestone-slider__selectors__list__item \">2010-2014<\/div>\n              <div data-slide-position=\"2\" class=\"milestone-slider__selectors__list__item \">2014-2016<\/div>\n              <div data-slide-position=\"3\" class=\"milestone-slider__selectors__list__item \">2016-2019<\/div>\n              <div data-slide-position=\"4\" class=\"milestone-slider__selectors__list__item \">2019-actualidade<\/div>\n          <\/div>\n  <\/div>\n\n  <\/div>\n<\/div><\/div>\n","protected":false},"excerpt":{"rendered":"<p>Nacimos no 2010 e desde ent\u00f3n mantemos como obxectivos formar e atraer o mellor persoal investigador no noso \u00e1mbito, captar proxectos I+D europeos e&hellip;<\/p>\n","protected":false},"author":1,"featured_media":0,"parent":263208,"menu_order":1,"comment_status":"closed","ping_status":"closed","template":"","meta":{"_acf_changed":false,"footnotes":""},"class_list":["post-263247","page","type-page","status-publish","hentry"],"acf":[],"yoast_head":"<!-- This site is optimized with the Yoast SEO plugin v27.6 - https:\/\/yoast.com\/product\/yoast-seo-wordpress\/ -->\n<title>As nosas cifras - atlanTTic<\/title>\n<meta name=\"robots\" content=\"index, follow, max-snippet:-1, max-image-preview:large, max-video-preview:-1\" \/>\n<link rel=\"canonical\" href=\"https:\/\/atlanttic.uvigo.es\/gl\/o-centro\/as-nosas-cifras\/\" \/>\n<meta property=\"og:locale\" content=\"gl_ES\" \/>\n<meta property=\"og:type\" content=\"article\" \/>\n<meta property=\"og:title\" content=\"As nosas cifras - atlanTTic\" \/>\n<meta property=\"og:description\" content=\"Nacimos no 2010 e desde ent\u00f3n mantemos como obxectivos formar e atraer o mellor persoal investigador no noso \u00e1mbito, captar proxectos I+D europeos e&hellip;\" \/>\n<meta property=\"og:url\" content=\"https:\/\/atlanttic.uvigo.es\/gl\/o-centro\/as-nosas-cifras\/\" \/>\n<meta property=\"og:site_name\" content=\"atlanTTic\" \/>\n<meta property=\"article:modified_time\" content=\"2024-02-01T17:11:29+00:00\" \/>\n<meta name=\"twitter:card\" content=\"summary_large_image\" \/>\n<meta name=\"twitter:label1\" content=\"Tempo de lectura\" \/>\n\t<meta name=\"twitter:data1\" content=\"1 minuto\" \/>\n<script type=\"application\/ld+json\" class=\"yoast-schema-graph\">{\"@context\":\"https:\\\/\\\/schema.org\",\"@graph\":[{\"@type\":\"WebPage\",\"@id\":\"https:\\\/\\\/atlanttic.uvigo.es\\\/gl\\\/o-centro\\\/as-nosas-cifras\\\/\",\"url\":\"https:\\\/\\\/atlanttic.uvigo.es\\\/gl\\\/o-centro\\\/as-nosas-cifras\\\/\",\"name\":\"As nosas cifras - atlanTTic\",\"isPartOf\":{\"@id\":\"https:\\\/\\\/atlanttic.uvigo.es\\\/gl\\\/#website\"},\"datePublished\":\"2022-09-07T09:02:52+00:00\",\"dateModified\":\"2024-02-01T17:11:29+00:00\",\"breadcrumb\":{\"@id\":\"https:\\\/\\\/atlanttic.uvigo.es\\\/gl\\\/o-centro\\\/as-nosas-cifras\\\/#breadcrumb\"},\"inLanguage\":\"gl-ES\",\"potentialAction\":[{\"@type\":\"ReadAction\",\"target\":[\"https:\\\/\\\/atlanttic.uvigo.es\\\/gl\\\/o-centro\\\/as-nosas-cifras\\\/\"]}]},{\"@type\":\"BreadcrumbList\",\"@id\":\"https:\\\/\\\/atlanttic.uvigo.es\\\/gl\\\/o-centro\\\/as-nosas-cifras\\\/#breadcrumb\",\"itemListElement\":[{\"@type\":\"ListItem\",\"position\":1,\"name\":\"Portada\",\"item\":\"https:\\\/\\\/atlanttic.uvigo.es\\\/gl\\\/\"},{\"@type\":\"ListItem\",\"position\":2,\"name\":\"O Centro\",\"item\":\"https:\\\/\\\/atlanttic.uvigo.es\\\/gl\\\/o-centro\\\/\"},{\"@type\":\"ListItem\",\"position\":3,\"name\":\"As nosas cifras\"}]},{\"@type\":\"WebSite\",\"@id\":\"https:\\\/\\\/atlanttic.uvigo.es\\\/gl\\\/#website\",\"url\":\"https:\\\/\\\/atlanttic.uvigo.es\\\/gl\\\/\",\"name\":\"atlanTTic\",\"description\":\"\",\"publisher\":{\"@id\":\"https:\\\/\\\/atlanttic.uvigo.es\\\/gl\\\/#organization\"},\"potentialAction\":[{\"@type\":\"SearchAction\",\"target\":{\"@type\":\"EntryPoint\",\"urlTemplate\":\"https:\\\/\\\/atlanttic.uvigo.es\\\/gl\\\/?s={search_term_string}\"},\"query-input\":{\"@type\":\"PropertyValueSpecification\",\"valueRequired\":true,\"valueName\":\"search_term_string\"}}],\"inLanguage\":\"gl-ES\"},{\"@type\":\"Organization\",\"@id\":\"https:\\\/\\\/atlanttic.uvigo.es\\\/gl\\\/#organization\",\"name\":\"atlanTTic\",\"url\":\"https:\\\/\\\/atlanttic.uvigo.es\\\/gl\\\/\",\"logo\":{\"@type\":\"ImageObject\",\"inLanguage\":\"gl-ES\",\"@id\":\"https:\\\/\\\/atlanttic.uvigo.es\\\/gl\\\/#\\\/schema\\\/logo\\\/image\\\/\",\"url\":\"https:\\\/\\\/atlanttic.uvigo.es\\\/wp-content\\\/uploads\\\/2022\\\/08\\\/atlanttic-logo.png\",\"contentUrl\":\"https:\\\/\\\/atlanttic.uvigo.es\\\/wp-content\\\/uploads\\\/2022\\\/08\\\/atlanttic-logo.png\",\"width\":551,\"height\":160,\"caption\":\"atlanTTic\"},\"image\":{\"@id\":\"https:\\\/\\\/atlanttic.uvigo.es\\\/gl\\\/#\\\/schema\\\/logo\\\/image\\\/\"}}]}<\/script>\n<!-- \/ Yoast SEO plugin. -->","yoast_head_json":{"title":"As nosas cifras - atlanTTic","robots":{"index":"index","follow":"follow","max-snippet":"max-snippet:-1","max-image-preview":"max-image-preview:large","max-video-preview":"max-video-preview:-1"},"canonical":"https:\/\/atlanttic.uvigo.es\/gl\/o-centro\/as-nosas-cifras\/","og_locale":"gl_ES","og_type":"article","og_title":"As nosas cifras - atlanTTic","og_description":"Nacimos no 2010 e desde ent\u00f3n mantemos como obxectivos formar e atraer o mellor persoal investigador no noso \u00e1mbito, captar proxectos I+D europeos e&hellip;","og_url":"https:\/\/atlanttic.uvigo.es\/gl\/o-centro\/as-nosas-cifras\/","og_site_name":"atlanTTic","article_modified_time":"2024-02-01T17:11:29+00:00","twitter_card":"summary_large_image","twitter_misc":{"Tempo de lectura":"1 minuto"},"schema":{"@context":"https:\/\/schema.org","@graph":[{"@type":"WebPage","@id":"https:\/\/atlanttic.uvigo.es\/gl\/o-centro\/as-nosas-cifras\/","url":"https:\/\/atlanttic.uvigo.es\/gl\/o-centro\/as-nosas-cifras\/","name":"As nosas cifras - atlanTTic","isPartOf":{"@id":"https:\/\/atlanttic.uvigo.es\/gl\/#website"},"datePublished":"2022-09-07T09:02:52+00:00","dateModified":"2024-02-01T17:11:29+00:00","breadcrumb":{"@id":"https:\/\/atlanttic.uvigo.es\/gl\/o-centro\/as-nosas-cifras\/#breadcrumb"},"inLanguage":"gl-ES","potentialAction":[{"@type":"ReadAction","target":["https:\/\/atlanttic.uvigo.es\/gl\/o-centro\/as-nosas-cifras\/"]}]},{"@type":"BreadcrumbList","@id":"https:\/\/atlanttic.uvigo.es\/gl\/o-centro\/as-nosas-cifras\/#breadcrumb","itemListElement":[{"@type":"ListItem","position":1,"name":"Portada","item":"https:\/\/atlanttic.uvigo.es\/gl\/"},{"@type":"ListItem","position":2,"name":"O Centro","item":"https:\/\/atlanttic.uvigo.es\/gl\/o-centro\/"},{"@type":"ListItem","position":3,"name":"As nosas cifras"}]},{"@type":"WebSite","@id":"https:\/\/atlanttic.uvigo.es\/gl\/#website","url":"https:\/\/atlanttic.uvigo.es\/gl\/","name":"atlanTTic","description":"","publisher":{"@id":"https:\/\/atlanttic.uvigo.es\/gl\/#organization"},"potentialAction":[{"@type":"SearchAction","target":{"@type":"EntryPoint","urlTemplate":"https:\/\/atlanttic.uvigo.es\/gl\/?s={search_term_string}"},"query-input":{"@type":"PropertyValueSpecification","valueRequired":true,"valueName":"search_term_string"}}],"inLanguage":"gl-ES"},{"@type":"Organization","@id":"https:\/\/atlanttic.uvigo.es\/gl\/#organization","name":"atlanTTic","url":"https:\/\/atlanttic.uvigo.es\/gl\/","logo":{"@type":"ImageObject","inLanguage":"gl-ES","@id":"https:\/\/atlanttic.uvigo.es\/gl\/#\/schema\/logo\/image\/","url":"https:\/\/atlanttic.uvigo.es\/wp-content\/uploads\/2022\/08\/atlanttic-logo.png","contentUrl":"https:\/\/atlanttic.uvigo.es\/wp-content\/uploads\/2022\/08\/atlanttic-logo.png","width":551,"height":160,"caption":"atlanTTic"},"image":{"@id":"https:\/\/atlanttic.uvigo.es\/gl\/#\/schema\/logo\/image\/"}}]}},"_links":{"self":[{"href":"https:\/\/atlanttic.uvigo.es\/gl\/wp-json\/wp\/v2\/pages\/263247","targetHints":{"allow":["GET"]}}],"collection":[{"href":"https:\/\/atlanttic.uvigo.es\/gl\/wp-json\/wp\/v2\/pages"}],"about":[{"href":"https:\/\/atlanttic.uvigo.es\/gl\/wp-json\/wp\/v2\/types\/page"}],"author":[{"embeddable":true,"href":"https:\/\/atlanttic.uvigo.es\/gl\/wp-json\/wp\/v2\/users\/1"}],"replies":[{"embeddable":true,"href":"https:\/\/atlanttic.uvigo.es\/gl\/wp-json\/wp\/v2\/comments?post=263247"}],"version-history":[{"count":17,"href":"https:\/\/atlanttic.uvigo.es\/gl\/wp-json\/wp\/v2\/pages\/263247\/revisions"}],"predecessor-version":[{"id":283971,"href":"https:\/\/atlanttic.uvigo.es\/gl\/wp-json\/wp\/v2\/pages\/263247\/revisions\/283971"}],"up":[{"embeddable":true,"href":"https:\/\/atlanttic.uvigo.es\/gl\/wp-json\/wp\/v2\/pages\/263208"}],"wp:attachment":[{"href":"https:\/\/atlanttic.uvigo.es\/gl\/wp-json\/wp\/v2\/media?parent=263247"}],"curies":[{"name":"wp","href":"https:\/\/api.w.org\/{rel}","templated":true}]}}