{"id":263248,"date":"2022-09-07T11:02:53","date_gmt":"2022-09-07T09:02:53","guid":{"rendered":"https:\/\/atlanttic.ideit.es\/?page_id=263248"},"modified":"2023-10-17T14:00:53","modified_gmt":"2023-10-17T12:00:53","slug":"igualdade","status":"publish","type":"page","link":"https:\/\/atlanttic.uvigo.es\/gl\/o-centro\/igualdade\/","title":{"rendered":"Igualdade"},"content":{"rendered":"\n<div class=\"wp-block-columns\">\n<div class=\"wp-block-column\" style=\"flex-basis:70%\">\n<p>atlanTTic est\u00e1 comprometido coa igualdade de x\u00e9nero de maneira transversal. Asum\u00edmola en toda a nosa actividade  investigadora. Os valores e o desenvolvemento das persoas que conformamos o Centro son os elementos clave para lograr estes obxectivos. Por iso, b\u00fascamos garantir a igualdade de x\u00e9nero a trav\u00e9s do impulso de medidas centradas no reco\u00f1ecemento, promoci\u00f3n e integraci\u00f3n do principio de igualdade efectiva entre mulleres e homes.<\/p>\n\n\n\n<p>Defendemos e practicamos os principios &#8220;RRI, investigaci\u00f3n e innovaci\u00f3n responsable&#8221; \u2013do ingl\u00e9s <em>Responsible Research and Innovation<\/em>\u2013 para dar resposta \u00e1s demandas da sociedade. O <strong>I Plan de Acci\u00f3n en Igualdade de atlanTTic<\/strong> est\u00e1 ali\u00f1ado cos obxectivos do <strong>III<\/strong> <strong>Plan de Igualdade entre mulleres e homes da Universidade de Vigo<\/strong>, e nel prop\u00f3\u00f1ense acci\u00f3n estruturadas dentro de 4 eixes de actuaci\u00f3n:<\/p>\n\n\n\n<ul class=\"wp-block-list\">\n<li>Cultura da igualdade: sensibilizar, visibilizar e comunicar.<\/li>\n\n\n\n<li>Medidas relativas \u00e1 igualdade nas estruturas funcionais e organizativas do Centro.<\/li>\n\n\n\n<li>Investigaci\u00f3n e transferencia de co\u00f1ecemento con perspectiva de x\u00e9nero.<\/li>\n\n\n\n<li>Traballar e investigar no Centro en igualdade e promover condici\u00f3ns socio-laborais con perspectiva de x\u00e9nero.<\/li>\n<\/ul>\n<\/div>\n\n\n\n<div class=\"wp-block-column has-light-background-color has-background\" style=\"flex-basis:30%\"><div class=\"wp-block-image mt-5\">\n<figure class=\"aligncenter size-full is-resized\"><img loading=\"lazy\" decoding=\"async\" width=\"1000\" height=\"1000\" src=\"https:\/\/atlanttic.uvigo.es\/wp-content\/uploads\/2022\/11\/PlanIgualdadeUvigo-2.jpg\" alt=\"\" class=\"wp-image-263669\" style=\"width:230px;height:230px\" srcset=\"https:\/\/atlanttic.uvigo.es\/wp-content\/uploads\/2022\/11\/PlanIgualdadeUvigo-2.jpg 1000w, https:\/\/atlanttic.uvigo.es\/wp-content\/uploads\/2022\/11\/PlanIgualdadeUvigo-2-300x300.jpg 300w, https:\/\/atlanttic.uvigo.es\/wp-content\/uploads\/2022\/11\/PlanIgualdadeUvigo-2-150x150.jpg 150w, https:\/\/atlanttic.uvigo.es\/wp-content\/uploads\/2022\/11\/PlanIgualdadeUvigo-2-768x768.jpg 768w, https:\/\/atlanttic.uvigo.es\/wp-content\/uploads\/2022\/11\/PlanIgualdadeUvigo-2-400x400.jpg 400w\" sizes=\"auto, (max-width: 1000px) 100vw, 1000px\" \/><\/figure>\n<\/div>\n\n\n<div style=\"height:20px\" aria-hidden=\"true\" class=\"wp-block-spacer\"><\/div>\n\n\n\n<div class=\"wp-block-buttons text-center\">\n<div class=\"wp-block-button has-custom-font-size has-small-font-size\"><a class=\"wp-block-button__link has-text-align-center wp-element-button\" href=\"https:\/\/www.uvigo.gal\/sites\/uvigo.gal\/files\/contents\/paragraph-file\/2020-11\/III_plan_igualdade.pdf\">IR ao Plan de Igualdade UVigo<\/a><\/div>\n<\/div>\n<\/div>\n<\/div>\n\n\n\n<div class=\"wp-block-columns\">\n<div class=\"wp-block-column\" style=\"flex-basis:70%\">\n<p>Para espallar a cultura da igualdade e contribu\u00edr \u00e1 aplicaci\u00f3n e ao seguimento das acci\u00f3ns propostas no noso centro, foi designada a investigadora Edita de Lorenzo Rodr\u00edguez como enlace de igualdade, sendo as\u00ed o punto de referencia do centro para todas as cuesti\u00f3ns relacionadas.<\/p>\n\n\n\n<p>Ademais, desde febreiro de 2023, contamos co <a href=\"https:\/\/www.uvigo.gal\/campus\/igualdade\/igualdade-uvigo\/medidas-destacadas#02\" target=\"_blank\" rel=\"noreferrer noopener\">Distintivo de Igualdade da Universidade de Vigo<\/a>, que reco\u00f1ece a nosa labor no impulso e promoci\u00f3n da igualdade entre homes e mulleres a trav\u00e9s dun proceso de avaliaci\u00f3n das actividades, iniciativas e pr\u00e1cticas que se realizan neste eido.<\/p>\n\n\n\n<p>A continuaci\u00f3n, podes co\u00f1ecer de preto as actividades nas que participamos para fomentar a igualdade:<\/p>\n<\/div>\n\n\n\n<div class=\"wp-block-column\" style=\"flex-basis:30%\"><\/div>\n<\/div>\n\n\n<div id=\"news-list-block_2a24e499f5c6bc63a67087c878b81923\" class=\"news-list\">\n  \n    <div class=\"row\">\n                            <div class=\"col-lg-3\">\n          <article class=\"featnews mb-10 post-296107 post type-post status-publish format-standard has-post-thumbnail hentry category-duvi category-igualdade\">\n  <a href=\"https:\/\/atlanttic.uvigo.es\/gl\/2025\/10\/atlanttic-debate-o-reto-da-captacion-de-talento-e-igualdade-no-sector-tic\/\" class=\"featnews__thumbnail d-block\">\n    <img loading=\"lazy\" decoding=\"async\" src=\"https:\/\/atlanttic.uvigo.es\/wp-content\/uploads\/2025\/10\/talento-tic-2-740x556.jpg\" class=\"wp-post-image \" width=\"740\" height=\"556\" alt=\"\">\n  <\/a>\n  <div class=\"featnews__content\">\n    <div class=\"featnews__title\"><a class=\"featnews__link\" href=\"https:\/\/atlanttic.uvigo.es\/gl\/2025\/10\/atlanttic-debate-o-reto-da-captacion-de-talento-e-igualdade-no-sector-tic\/\">atlanTTic debate o reto da captaci\u00f3n de talento e igualdade no sector TIC<\/a><\/div>\n    <time class=\"updated featnews__date\" datetime=\"2025-10-28T15:03:42+00:00\">28 \u00b7 Outubro \u00b7 2025<\/time>\n    <div class=\"featnews__excerpt\">\n      <p>O Centro de Investigaci\u00f3n en Tecnolox\u00edas de Telecomunicaci\u00f3n, atlanTTic, da Universidade de Vigo (cofinanciado con fondos FEDER), celebrou este martes no Espazo Incuvi a&hellip;<\/p>\n    <\/div>\n  <\/div>\n<\/article>\n        <\/div>\n                      <div class=\"col-lg-3\">\n          <article class=\"featevents pb-10 post-295984 uvigo-event type-uvigo-event status-publish has-post-thumbnail hentry category-igualdade uvigo-groupevent-evento\">\n  <div class=\"featevents__item\">\n\n    <div class=\"featevents__title\"><a class=\"featevents__link\" href=\"https:\/\/atlanttic.uvigo.es\/gl\/evento\/xornada-talento-tic-e-igualdade\/\">Xornada: Talento TIC e igualdade<\/a><\/div>\n    <time class=\"updated sr-only\" datetime=\"2025-10-22T11:53:24+00:00\">22\/10\/2025<\/time>\n    <div class=\"featevents__info\">\n      <div class=\"featevents__date\">\n                    28\/10\/2025\n              <\/div>\n      <div class=\"featevents__place\">\n                    Espazo INCUVI, Universidade de Vigo\n              <\/div>\n    <\/div>\n\n  <\/div>\n<\/article>\n        <\/div>\n                      <div class=\"col-lg-3\">\n          <article class=\"featevents pb-10 post-292773 uvigo-event type-uvigo-event status-publish has-post-thumbnail hentry category-divulgacion category-igualdade uvigo-groupevent-evento\">\n  <div class=\"featevents__item\">\n\n    <div class=\"featevents__title\"><a class=\"featevents__link\" href=\"https:\/\/atlanttic.uvigo.es\/gl\/evento\/oracle4girls-vigo\/\">Oracle4Girls Vigo<\/a><\/div>\n    <time class=\"updated sr-only\" datetime=\"2025-02-27T15:06:19+00:00\">27\/02\/2025<\/time>\n    <div class=\"featevents__info\">\n      <div class=\"featevents__date\">\n                    22\/03\/2025\n              <\/div>\n      <div class=\"featevents__place\">\n                    Escola de Enxe\u00f1ar\u00eda de Telecomunicaci\u00f3n, Universidade de Vigo\n              <\/div>\n    <\/div>\n\n  <\/div>\n<\/article>\n        <\/div>\n                      <div class=\"col-lg-3\">\n          <article class=\"featnews mb-10 post-287668 post type-post status-publish format-standard has-post-thumbnail hentry category-duvi category-hrs4r category-igualdade\">\n  <a href=\"https:\/\/atlanttic.uvigo.es\/gl\/2024\/05\/unha-xornada-sobre-ciberseguridade-pon-fin-ao-cicloconectando-en-igualdade-de-atlanttic\/\" class=\"featnews__thumbnail d-block\">\n    <img loading=\"lazy\" decoding=\"async\" src=\"https:\/\/atlanttic.uvigo.es\/wp-content\/uploads\/2024\/05\/ConectandoIgualdade-3-740x556.jpeg\" class=\"wp-post-image \" width=\"740\" height=\"556\" alt=\"\">\n  <\/a>\n  <div class=\"featnews__content\">\n    <div class=\"featnews__title\"><a class=\"featnews__link\" href=\"https:\/\/atlanttic.uvigo.es\/gl\/2024\/05\/unha-xornada-sobre-ciberseguridade-pon-fin-ao-cicloconectando-en-igualdade-de-atlanttic\/\">Unha xornada sobre ciberseguridade pon fin ao ciclo \u2018Conectando en Igualdade\u2019 de atlanTTic<\/a><\/div>\n    <time class=\"updated featnews__date\" datetime=\"2024-05-14T12:26:21+00:00\">14 \u00b7 Maio \u00b7 2024<\/time>\n    <div class=\"featnews__excerpt\">\n      <p>O Centro de Investigaci\u00f3n en Tecnolox\u00edas de Telecomunicaci\u00f3n da Universidade de Vigo, atlanTTic (cofinanciado con fondos FEDER) celebrou hoxe a terceira e \u00faltima xornada&hellip;<\/p>\n    <\/div>\n  <\/div>\n<\/article>\n        <\/div>\n                <\/div>\n\n  <\/div>\n","protected":false},"excerpt":{"rendered":"<p>atlanTTic est\u00e1 comprometido coa igualdade de x\u00e9nero de maneira transversal. Asum\u00edmola en toda a nosa actividade investigadora. Os valores e o desenvolvemento das persoas&hellip;<\/p>\n","protected":false},"author":1,"featured_media":0,"parent":263208,"menu_order":4,"comment_status":"closed","ping_status":"closed","template":"","meta":{"_acf_changed":false,"footnotes":""},"class_list":["post-263248","page","type-page","status-publish","hentry"],"acf":[],"yoast_head":"<!-- This site is optimized with the Yoast SEO plugin v27.6 - https:\/\/yoast.com\/product\/yoast-seo-wordpress\/ -->\n<title>Igualdade - atlanTTic<\/title>\n<meta name=\"robots\" content=\"index, follow, max-snippet:-1, max-image-preview:large, max-video-preview:-1\" \/>\n<link rel=\"canonical\" href=\"https:\/\/atlanttic.uvigo.es\/gl\/o-centro\/igualdade\/\" \/>\n<meta property=\"og:locale\" content=\"gl_ES\" \/>\n<meta property=\"og:type\" content=\"article\" \/>\n<meta property=\"og:title\" content=\"Igualdade - atlanTTic\" \/>\n<meta property=\"og:description\" content=\"atlanTTic est\u00e1 comprometido coa igualdade de x\u00e9nero de maneira transversal. Asum\u00edmola en toda a nosa actividade investigadora. Os valores e o desenvolvemento das persoas&hellip;\" \/>\n<meta property=\"og:url\" content=\"https:\/\/atlanttic.uvigo.es\/gl\/o-centro\/igualdade\/\" \/>\n<meta property=\"og:site_name\" content=\"atlanTTic\" \/>\n<meta property=\"article:modified_time\" content=\"2023-10-17T12:00:53+00:00\" \/>\n<meta property=\"og:image\" content=\"https:\/\/atlanttic.uvigo.es\/wp-content\/uploads\/2022\/11\/PlanIgualdadeUvigo-2.jpg\" \/>\n<meta name=\"twitter:card\" content=\"summary_large_image\" \/>\n<meta name=\"twitter:label1\" content=\"Tempo de lectura\" \/>\n\t<meta name=\"twitter:data1\" content=\"2 minutos\" \/>\n<script type=\"application\/ld+json\" class=\"yoast-schema-graph\">{\"@context\":\"https:\\\/\\\/schema.org\",\"@graph\":[{\"@type\":\"WebPage\",\"@id\":\"https:\\\/\\\/atlanttic.uvigo.es\\\/gl\\\/o-centro\\\/igualdade\\\/\",\"url\":\"https:\\\/\\\/atlanttic.uvigo.es\\\/gl\\\/o-centro\\\/igualdade\\\/\",\"name\":\"Igualdade - atlanTTic\",\"isPartOf\":{\"@id\":\"https:\\\/\\\/atlanttic.uvigo.es\\\/gl\\\/#website\"},\"primaryImageOfPage\":{\"@id\":\"https:\\\/\\\/atlanttic.uvigo.es\\\/gl\\\/o-centro\\\/igualdade\\\/#primaryimage\"},\"image\":{\"@id\":\"https:\\\/\\\/atlanttic.uvigo.es\\\/gl\\\/o-centro\\\/igualdade\\\/#primaryimage\"},\"thumbnailUrl\":\"https:\\\/\\\/atlanttic.uvigo.es\\\/wp-content\\\/uploads\\\/2022\\\/11\\\/PlanIgualdadeUvigo-2.jpg\",\"datePublished\":\"2022-09-07T09:02:53+00:00\",\"dateModified\":\"2023-10-17T12:00:53+00:00\",\"breadcrumb\":{\"@id\":\"https:\\\/\\\/atlanttic.uvigo.es\\\/gl\\\/o-centro\\\/igualdade\\\/#breadcrumb\"},\"inLanguage\":\"gl-ES\",\"potentialAction\":[{\"@type\":\"ReadAction\",\"target\":[\"https:\\\/\\\/atlanttic.uvigo.es\\\/gl\\\/o-centro\\\/igualdade\\\/\"]}]},{\"@type\":\"ImageObject\",\"inLanguage\":\"gl-ES\",\"@id\":\"https:\\\/\\\/atlanttic.uvigo.es\\\/gl\\\/o-centro\\\/igualdade\\\/#primaryimage\",\"url\":\"https:\\\/\\\/atlanttic.uvigo.es\\\/wp-content\\\/uploads\\\/2022\\\/11\\\/PlanIgualdadeUvigo-2.jpg\",\"contentUrl\":\"https:\\\/\\\/atlanttic.uvigo.es\\\/wp-content\\\/uploads\\\/2022\\\/11\\\/PlanIgualdadeUvigo-2.jpg\"},{\"@type\":\"BreadcrumbList\",\"@id\":\"https:\\\/\\\/atlanttic.uvigo.es\\\/gl\\\/o-centro\\\/igualdade\\\/#breadcrumb\",\"itemListElement\":[{\"@type\":\"ListItem\",\"position\":1,\"name\":\"Portada\",\"item\":\"https:\\\/\\\/atlanttic.uvigo.es\\\/gl\\\/\"},{\"@type\":\"ListItem\",\"position\":2,\"name\":\"O Centro\",\"item\":\"https:\\\/\\\/atlanttic.uvigo.es\\\/gl\\\/o-centro\\\/\"},{\"@type\":\"ListItem\",\"position\":3,\"name\":\"Igualdade\"}]},{\"@type\":\"WebSite\",\"@id\":\"https:\\\/\\\/atlanttic.uvigo.es\\\/gl\\\/#website\",\"url\":\"https:\\\/\\\/atlanttic.uvigo.es\\\/gl\\\/\",\"name\":\"atlanTTic\",\"description\":\"\",\"publisher\":{\"@id\":\"https:\\\/\\\/atlanttic.uvigo.es\\\/gl\\\/#organization\"},\"potentialAction\":[{\"@type\":\"SearchAction\",\"target\":{\"@type\":\"EntryPoint\",\"urlTemplate\":\"https:\\\/\\\/atlanttic.uvigo.es\\\/gl\\\/?s={search_term_string}\"},\"query-input\":{\"@type\":\"PropertyValueSpecification\",\"valueRequired\":true,\"valueName\":\"search_term_string\"}}],\"inLanguage\":\"gl-ES\"},{\"@type\":\"Organization\",\"@id\":\"https:\\\/\\\/atlanttic.uvigo.es\\\/gl\\\/#organization\",\"name\":\"atlanTTic\",\"url\":\"https:\\\/\\\/atlanttic.uvigo.es\\\/gl\\\/\",\"logo\":{\"@type\":\"ImageObject\",\"inLanguage\":\"gl-ES\",\"@id\":\"https:\\\/\\\/atlanttic.uvigo.es\\\/gl\\\/#\\\/schema\\\/logo\\\/image\\\/\",\"url\":\"https:\\\/\\\/atlanttic.uvigo.es\\\/wp-content\\\/uploads\\\/2022\\\/08\\\/atlanttic-logo.png\",\"contentUrl\":\"https:\\\/\\\/atlanttic.uvigo.es\\\/wp-content\\\/uploads\\\/2022\\\/08\\\/atlanttic-logo.png\",\"width\":551,\"height\":160,\"caption\":\"atlanTTic\"},\"image\":{\"@id\":\"https:\\\/\\\/atlanttic.uvigo.es\\\/gl\\\/#\\\/schema\\\/logo\\\/image\\\/\"}}]}<\/script>\n<!-- \/ Yoast SEO plugin. -->","yoast_head_json":{"title":"Igualdade - atlanTTic","robots":{"index":"index","follow":"follow","max-snippet":"max-snippet:-1","max-image-preview":"max-image-preview:large","max-video-preview":"max-video-preview:-1"},"canonical":"https:\/\/atlanttic.uvigo.es\/gl\/o-centro\/igualdade\/","og_locale":"gl_ES","og_type":"article","og_title":"Igualdade - atlanTTic","og_description":"atlanTTic est\u00e1 comprometido coa igualdade de x\u00e9nero de maneira transversal. Asum\u00edmola en toda a nosa actividade investigadora. Os valores e o desenvolvemento das persoas&hellip;","og_url":"https:\/\/atlanttic.uvigo.es\/gl\/o-centro\/igualdade\/","og_site_name":"atlanTTic","article_modified_time":"2023-10-17T12:00:53+00:00","og_image":[{"url":"https:\/\/atlanttic.uvigo.es\/wp-content\/uploads\/2022\/11\/PlanIgualdadeUvigo-2.jpg","type":"","width":"","height":""}],"twitter_card":"summary_large_image","twitter_misc":{"Tempo de lectura":"2 minutos"},"schema":{"@context":"https:\/\/schema.org","@graph":[{"@type":"WebPage","@id":"https:\/\/atlanttic.uvigo.es\/gl\/o-centro\/igualdade\/","url":"https:\/\/atlanttic.uvigo.es\/gl\/o-centro\/igualdade\/","name":"Igualdade - atlanTTic","isPartOf":{"@id":"https:\/\/atlanttic.uvigo.es\/gl\/#website"},"primaryImageOfPage":{"@id":"https:\/\/atlanttic.uvigo.es\/gl\/o-centro\/igualdade\/#primaryimage"},"image":{"@id":"https:\/\/atlanttic.uvigo.es\/gl\/o-centro\/igualdade\/#primaryimage"},"thumbnailUrl":"https:\/\/atlanttic.uvigo.es\/wp-content\/uploads\/2022\/11\/PlanIgualdadeUvigo-2.jpg","datePublished":"2022-09-07T09:02:53+00:00","dateModified":"2023-10-17T12:00:53+00:00","breadcrumb":{"@id":"https:\/\/atlanttic.uvigo.es\/gl\/o-centro\/igualdade\/#breadcrumb"},"inLanguage":"gl-ES","potentialAction":[{"@type":"ReadAction","target":["https:\/\/atlanttic.uvigo.es\/gl\/o-centro\/igualdade\/"]}]},{"@type":"ImageObject","inLanguage":"gl-ES","@id":"https:\/\/atlanttic.uvigo.es\/gl\/o-centro\/igualdade\/#primaryimage","url":"https:\/\/atlanttic.uvigo.es\/wp-content\/uploads\/2022\/11\/PlanIgualdadeUvigo-2.jpg","contentUrl":"https:\/\/atlanttic.uvigo.es\/wp-content\/uploads\/2022\/11\/PlanIgualdadeUvigo-2.jpg"},{"@type":"BreadcrumbList","@id":"https:\/\/atlanttic.uvigo.es\/gl\/o-centro\/igualdade\/#breadcrumb","itemListElement":[{"@type":"ListItem","position":1,"name":"Portada","item":"https:\/\/atlanttic.uvigo.es\/gl\/"},{"@type":"ListItem","position":2,"name":"O Centro","item":"https:\/\/atlanttic.uvigo.es\/gl\/o-centro\/"},{"@type":"ListItem","position":3,"name":"Igualdade"}]},{"@type":"WebSite","@id":"https:\/\/atlanttic.uvigo.es\/gl\/#website","url":"https:\/\/atlanttic.uvigo.es\/gl\/","name":"atlanTTic","description":"","publisher":{"@id":"https:\/\/atlanttic.uvigo.es\/gl\/#organization"},"potentialAction":[{"@type":"SearchAction","target":{"@type":"EntryPoint","urlTemplate":"https:\/\/atlanttic.uvigo.es\/gl\/?s={search_term_string}"},"query-input":{"@type":"PropertyValueSpecification","valueRequired":true,"valueName":"search_term_string"}}],"inLanguage":"gl-ES"},{"@type":"Organization","@id":"https:\/\/atlanttic.uvigo.es\/gl\/#organization","name":"atlanTTic","url":"https:\/\/atlanttic.uvigo.es\/gl\/","logo":{"@type":"ImageObject","inLanguage":"gl-ES","@id":"https:\/\/atlanttic.uvigo.es\/gl\/#\/schema\/logo\/image\/","url":"https:\/\/atlanttic.uvigo.es\/wp-content\/uploads\/2022\/08\/atlanttic-logo.png","contentUrl":"https:\/\/atlanttic.uvigo.es\/wp-content\/uploads\/2022\/08\/atlanttic-logo.png","width":551,"height":160,"caption":"atlanTTic"},"image":{"@id":"https:\/\/atlanttic.uvigo.es\/gl\/#\/schema\/logo\/image\/"}}]}},"_links":{"self":[{"href":"https:\/\/atlanttic.uvigo.es\/gl\/wp-json\/wp\/v2\/pages\/263248","targetHints":{"allow":["GET"]}}],"collection":[{"href":"https:\/\/atlanttic.uvigo.es\/gl\/wp-json\/wp\/v2\/pages"}],"about":[{"href":"https:\/\/atlanttic.uvigo.es\/gl\/wp-json\/wp\/v2\/types\/page"}],"author":[{"embeddable":true,"href":"https:\/\/atlanttic.uvigo.es\/gl\/wp-json\/wp\/v2\/users\/1"}],"replies":[{"embeddable":true,"href":"https:\/\/atlanttic.uvigo.es\/gl\/wp-json\/wp\/v2\/comments?post=263248"}],"version-history":[{"count":23,"href":"https:\/\/atlanttic.uvigo.es\/gl\/wp-json\/wp\/v2\/pages\/263248\/revisions"}],"predecessor-version":[{"id":279559,"href":"https:\/\/atlanttic.uvigo.es\/gl\/wp-json\/wp\/v2\/pages\/263248\/revisions\/279559"}],"up":[{"embeddable":true,"href":"https:\/\/atlanttic.uvigo.es\/gl\/wp-json\/wp\/v2\/pages\/263208"}],"wp:attachment":[{"href":"https:\/\/atlanttic.uvigo.es\/gl\/wp-json\/wp\/v2\/media?parent=263248"}],"curies":[{"name":"wp","href":"https:\/\/api.w.org\/{rel}","templated":true}]}}