{"id":263299,"date":"2022-09-07T11:11:31","date_gmt":"2022-09-07T09:11:31","guid":{"rendered":"https:\/\/atlanttic.ideit.es\/?page_id=263299"},"modified":"2023-10-03T11:06:48","modified_gmt":"2023-10-03T09:06:48","slug":"socios-tecnoloxicos","status":"publish","type":"page","link":"https:\/\/atlanttic.uvigo.es\/gl\/transferencia\/socios-tecnoloxicos\/","title":{"rendered":"Socios tecnol\u00f3xicos"},"content":{"rendered":"\n<p class=\"is-style-default has-secondary-color has-text-color\" style=\"font-size:1.75rem\">O noso obxectivo de transferir ao tecido industrial material\u00edzase na estreita colaboraci\u00f3n a nivel rexional, nacional e internacional con diversos referentes tecnol\u00f3xicos nos nosos \u00e1mbitos de especializaci\u00f3n (empresas, grandes tractores industriais). Ademais, participamos activamente en diversas redes, clusteres e asociaci\u00f3ns.  <\/p>\n\n\n<div\n  id=\"uvigo-partners-block-block_4ae45fd4ceccd6ccd6a30310b9b4eaef\"\n  class=\"uvigo-partners grid\">\n\n  <div class=\"uvigo-partners__list\">\n          <div class=\"uvigo-partners__list__item  uvigo-partners__list__item--show-name \">\n                  <a class=\"uvigo-partners__list__link\" href=\"https:\/\/www.vpiphotonics.com\/\" target=\"_blank\" rel=\"noopener noreferrer\">\n            <img decoding=\"async\"\n              src=\"https:\/\/atlanttic.uvigo.es\/wp-content\/uploads\/2023\/05\/socios-tecnologicos-vpiphotonics.png\"\n              alt=\"VPIPHOTONICS\"\n              class=\"uvigo-partners__list__image\"\n               width=\"\"                height=\"\"               >\n          <\/a>\n                          <div class=\"uvigo-partners__list__name\">\n                          <a class=\"uvigo-partners__list__link\" href=\"https:\/\/www.vpiphotonics.com\/\" target=\"_blank\" rel=\"noopener noreferrer\">\n                VPIPHOTONICS\n              <\/a>\n                      <\/div>\n              <\/div>\n          <div class=\"uvigo-partners__list__item  uvigo-partners__list__item--show-name \">\n                  <a class=\"uvigo-partners__list__link\" href=\"https:\/\/www.hispasat.com\/es\/\" target=\"_blank\" rel=\"noopener noreferrer\">\n            <img decoding=\"async\"\n              src=\"https:\/\/atlanttic.uvigo.es\/wp-content\/uploads\/2023\/05\/socios-tecnologicos-hispasat.png\"\n              alt=\"Hispasat\"\n              class=\"uvigo-partners__list__image\"\n               width=\"\"                height=\"\"               >\n          <\/a>\n                          <div class=\"uvigo-partners__list__name\">\n                          <a class=\"uvigo-partners__list__link\" href=\"https:\/\/www.hispasat.com\/es\/\" target=\"_blank\" rel=\"noopener noreferrer\">\n                Hispasat\n              <\/a>\n                      <\/div>\n              <\/div>\n          <div class=\"uvigo-partners__list__item  uvigo-partners__list__item--show-name \">\n                  <a class=\"uvigo-partners__list__link\" href=\"https:\/\/group.ntt\/en\/\" target=\"_blank\" rel=\"noopener noreferrer\">\n            <img decoding=\"async\"\n              src=\"https:\/\/atlanttic.uvigo.es\/wp-content\/uploads\/2023\/05\/socios-tecnologicos-ntt-group.png\"\n              alt=\"NTT Group\"\n              class=\"uvigo-partners__list__image\"\n               width=\"\"                height=\"\"               >\n          <\/a>\n                          <div class=\"uvigo-partners__list__name\">\n                          <a class=\"uvigo-partners__list__link\" href=\"https:\/\/group.ntt\/en\/\" target=\"_blank\" rel=\"noopener noreferrer\">\n                NTT Group\n              <\/a>\n                      <\/div>\n              <\/div>\n          <div class=\"uvigo-partners__list__item  uvigo-partners__list__item--show-name \">\n                  <a class=\"uvigo-partners__list__link\" href=\"https:\/\/www.cisco.com\/c\/es_es\/index.html\" target=\"_blank\" rel=\"noopener noreferrer\">\n            <img decoding=\"async\"\n              src=\"https:\/\/atlanttic.uvigo.es\/wp-content\/uploads\/2023\/05\/socios-tecnologicos-cisco.png\"\n              alt=\"Cisco\"\n              class=\"uvigo-partners__list__image\"\n               width=\"\"                height=\"\"               >\n          <\/a>\n                          <div class=\"uvigo-partners__list__name\">\n                          <a class=\"uvigo-partners__list__link\" href=\"https:\/\/www.cisco.com\/c\/es_es\/index.html\" target=\"_blank\" rel=\"noopener noreferrer\">\n                Cisco\n              <\/a>\n                      <\/div>\n              <\/div>\n          <div class=\"uvigo-partners__list__item  uvigo-partners__list__item--show-name \">\n                  <a class=\"uvigo-partners__list__link\" href=\"https:\/\/www.televes.com\/es\/\" target=\"_blank\" rel=\"noopener noreferrer\">\n            <img decoding=\"async\"\n              src=\"https:\/\/atlanttic.uvigo.es\/wp-content\/uploads\/2023\/05\/socios-tecnologicos-televes.png\"\n              alt=\"Telev\u00e9s\"\n              class=\"uvigo-partners__list__image\"\n               width=\"\"                height=\"\"               >\n          <\/a>\n                          <div class=\"uvigo-partners__list__name\">\n                          <a class=\"uvigo-partners__list__link\" href=\"https:\/\/www.televes.com\/es\/\" target=\"_blank\" rel=\"noopener noreferrer\">\n                Telev\u00e9s\n              <\/a>\n                      <\/div>\n              <\/div>\n          <div class=\"uvigo-partners__list__item  uvigo-partners__list__item--show-name \">\n                  <a class=\"uvigo-partners__list__link\" href=\"https:\/\/optaresolutions.com\" target=\"_blank\" rel=\"noopener noreferrer\">\n            <img decoding=\"async\"\n              src=\"https:\/\/atlanttic.uvigo.es\/wp-content\/uploads\/2023\/05\/socios-tecnologicos-optare.png\"\n              alt=\"Optare solutions\"\n              class=\"uvigo-partners__list__image\"\n               width=\"\"                height=\"\"               >\n          <\/a>\n                          <div class=\"uvigo-partners__list__name\">\n                          <a class=\"uvigo-partners__list__link\" href=\"https:\/\/optaresolutions.com\" target=\"_blank\" rel=\"noopener noreferrer\">\n                Optare solutions\n              <\/a>\n                      <\/div>\n              <\/div>\n          <div class=\"uvigo-partners__list__item  uvigo-partners__list__item--show-name \">\n                  <a class=\"uvigo-partners__list__link\" href=\"https:\/\/www.indracompany.com\/\" target=\"_blank\" rel=\"noopener noreferrer\">\n            <img decoding=\"async\"\n              src=\"https:\/\/atlanttic.uvigo.es\/wp-content\/uploads\/2023\/05\/socios-tecnologicos-indra.png\"\n              alt=\"Indra\"\n              class=\"uvigo-partners__list__image\"\n               width=\"\"                height=\"\"               >\n          <\/a>\n                          <div class=\"uvigo-partners__list__name\">\n                          <a class=\"uvigo-partners__list__link\" href=\"https:\/\/www.indracompany.com\/\" target=\"_blank\" rel=\"noopener noreferrer\">\n                Indra\n              <\/a>\n                      <\/div>\n              <\/div>\n          <div class=\"uvigo-partners__list__item  uvigo-partners__list__item--show-name \">\n                  <a class=\"uvigo-partners__list__link\" href=\"https:\/\/www.navantia.es\/es\/\" target=\"_blank\" rel=\"noopener noreferrer\">\n            <img decoding=\"async\"\n              src=\"https:\/\/atlanttic.uvigo.es\/wp-content\/uploads\/2023\/05\/socios-tecnologicos-navantia.png\"\n              alt=\"Navantia\"\n              class=\"uvigo-partners__list__image\"\n               width=\"\"                height=\"\"               >\n          <\/a>\n                          <div class=\"uvigo-partners__list__name\">\n                          <a class=\"uvigo-partners__list__link\" href=\"https:\/\/www.navantia.es\/es\/\" target=\"_blank\" rel=\"noopener noreferrer\">\n                Navantia\n              <\/a>\n                      <\/div>\n              <\/div>\n          <div class=\"uvigo-partners__list__item  uvigo-partners__list__item--show-name \">\n                  <a class=\"uvigo-partners__list__link\" href=\"https:\/\/atos.net\/es\/spain\" target=\"_blank\" rel=\"noopener noreferrer\">\n            <img decoding=\"async\"\n              src=\"https:\/\/atlanttic.uvigo.es\/wp-content\/uploads\/2023\/05\/socios-tecnologicos-atos.png\"\n              alt=\"Atos\"\n              class=\"uvigo-partners__list__image\"\n               width=\"\"                height=\"\"               >\n          <\/a>\n                          <div class=\"uvigo-partners__list__name\">\n                          <a class=\"uvigo-partners__list__link\" href=\"https:\/\/atos.net\/es\/spain\" target=\"_blank\" rel=\"noopener noreferrer\">\n                Atos\n              <\/a>\n                      <\/div>\n              <\/div>\n          <div class=\"uvigo-partners__list__item  uvigo-partners__list__item--show-name \">\n                  <a class=\"uvigo-partners__list__link\" href=\"https:\/\/www.stellantisandyou.com\/es\/\" target=\"_blank\" rel=\"noopener noreferrer\">\n            <img decoding=\"async\"\n              src=\"https:\/\/atlanttic.uvigo.es\/wp-content\/uploads\/2023\/05\/socios-tecnologicos-stellantis.png\"\n              alt=\"Stellantis\"\n              class=\"uvigo-partners__list__image\"\n               width=\"\"                height=\"\"               >\n          <\/a>\n                          <div class=\"uvigo-partners__list__name\">\n                          <a class=\"uvigo-partners__list__link\" href=\"https:\/\/www.stellantisandyou.com\/es\/\" target=\"_blank\" rel=\"noopener noreferrer\">\n                Stellantis\n              <\/a>\n                      <\/div>\n              <\/div>\n          <div class=\"uvigo-partners__list__item  uvigo-partners__list__item--show-name \">\n                  <a class=\"uvigo-partners__list__link\" href=\"https:\/\/www.orange.es\" target=\"_blank\" rel=\"noopener noreferrer\">\n            <img decoding=\"async\"\n              src=\"https:\/\/atlanttic.uvigo.es\/wp-content\/uploads\/2023\/05\/socios-tecnologicos-orange.png\"\n              alt=\"Orange\"\n              class=\"uvigo-partners__list__image\"\n               width=\"\"                height=\"\"               >\n          <\/a>\n                          <div class=\"uvigo-partners__list__name\">\n                          <a class=\"uvigo-partners__list__link\" href=\"https:\/\/www.orange.es\" target=\"_blank\" rel=\"noopener noreferrer\">\n                Orange\n              <\/a>\n                      <\/div>\n              <\/div>\n          <div class=\"uvigo-partners__list__item  uvigo-partners__list__item--show-name \">\n                  <a class=\"uvigo-partners__list__link\" href=\"https:\/\/www.telefonica.com\/es\/\" target=\"_blank\" rel=\"noopener noreferrer\">\n            <img decoding=\"async\"\n              src=\"https:\/\/atlanttic.uvigo.es\/wp-content\/uploads\/2023\/05\/socios-tecnologicos-telefonica-2021.png\"\n              alt=\"Telef\u00f3nica\"\n              class=\"uvigo-partners__list__image\"\n               width=\"\"                height=\"\"               >\n          <\/a>\n                          <div class=\"uvigo-partners__list__name\">\n                          <a class=\"uvigo-partners__list__link\" href=\"https:\/\/www.telefonica.com\/es\/\" target=\"_blank\" rel=\"noopener noreferrer\">\n                Telef\u00f3nica\n              <\/a>\n                      <\/div>\n              <\/div>\n          <div class=\"uvigo-partners__list__item  uvigo-partners__list__item--show-name \">\n                  <a class=\"uvigo-partners__list__link\" href=\"https:\/\/www.3-5lab.fr\/index.php\" target=\"_blank\" rel=\"noopener noreferrer\">\n            <img decoding=\"async\"\n              src=\"https:\/\/atlanttic.uvigo.es\/wp-content\/uploads\/2023\/05\/socios-cientificos-iii-v-lab.png\"\n              alt=\"III-V LAB\"\n              class=\"uvigo-partners__list__image\"\n               width=\"\"                height=\"\"               >\n          <\/a>\n                          <div class=\"uvigo-partners__list__name\">\n                          <a class=\"uvigo-partners__list__link\" href=\"https:\/\/www.3-5lab.fr\/index.php\" target=\"_blank\" rel=\"noopener noreferrer\">\n                III-V LAB\n              <\/a>\n                      <\/div>\n              <\/div>\n      <\/div>\n\n<\/div>\n\n\n","protected":false},"excerpt":{"rendered":"<p>O noso obxectivo de transferir ao tecido industrial material\u00edzase na estreita colaboraci\u00f3n a nivel rexional, nacional e internacional con diversos referentes tecnol\u00f3xicos nos nosos&hellip;<\/p>\n","protected":false},"author":1,"featured_media":0,"parent":263214,"menu_order":13,"comment_status":"closed","ping_status":"closed","template":"","meta":{"_acf_changed":false,"footnotes":""},"class_list":["post-263299","page","type-page","status-publish","hentry"],"acf":[],"yoast_head":"<!-- This site is optimized with the Yoast SEO plugin v27.6 - https:\/\/yoast.com\/product\/yoast-seo-wordpress\/ -->\n<title>Socios tecnol\u00f3xicos - atlanTTic<\/title>\n<meta name=\"robots\" content=\"index, follow, max-snippet:-1, max-image-preview:large, max-video-preview:-1\" \/>\n<link rel=\"canonical\" href=\"https:\/\/atlanttic.uvigo.es\/gl\/transferencia\/socios-tecnoloxicos\/\" \/>\n<meta property=\"og:locale\" content=\"gl_ES\" \/>\n<meta property=\"og:type\" content=\"article\" \/>\n<meta property=\"og:title\" content=\"Socios tecnol\u00f3xicos - atlanTTic\" \/>\n<meta property=\"og:description\" content=\"O noso obxectivo de transferir ao tecido industrial material\u00edzase na estreita colaboraci\u00f3n a nivel rexional, nacional e internacional con diversos referentes tecnol\u00f3xicos nos nosos&hellip;\" \/>\n<meta property=\"og:url\" content=\"https:\/\/atlanttic.uvigo.es\/gl\/transferencia\/socios-tecnoloxicos\/\" \/>\n<meta property=\"og:site_name\" content=\"atlanTTic\" \/>\n<meta property=\"article:modified_time\" content=\"2023-10-03T09:06:48+00:00\" \/>\n<meta name=\"twitter:card\" content=\"summary_large_image\" \/>\n<meta name=\"twitter:label1\" content=\"Tempo de lectura\" \/>\n\t<meta name=\"twitter:data1\" content=\"1 minuto\" \/>\n<script type=\"application\/ld+json\" class=\"yoast-schema-graph\">{\"@context\":\"https:\\\/\\\/schema.org\",\"@graph\":[{\"@type\":\"WebPage\",\"@id\":\"https:\\\/\\\/atlanttic.uvigo.es\\\/gl\\\/transferencia\\\/socios-tecnoloxicos\\\/\",\"url\":\"https:\\\/\\\/atlanttic.uvigo.es\\\/gl\\\/transferencia\\\/socios-tecnoloxicos\\\/\",\"name\":\"Socios tecnol\u00f3xicos - atlanTTic\",\"isPartOf\":{\"@id\":\"https:\\\/\\\/atlanttic.uvigo.es\\\/gl\\\/#website\"},\"datePublished\":\"2022-09-07T09:11:31+00:00\",\"dateModified\":\"2023-10-03T09:06:48+00:00\",\"breadcrumb\":{\"@id\":\"https:\\\/\\\/atlanttic.uvigo.es\\\/gl\\\/transferencia\\\/socios-tecnoloxicos\\\/#breadcrumb\"},\"inLanguage\":\"gl-ES\",\"potentialAction\":[{\"@type\":\"ReadAction\",\"target\":[\"https:\\\/\\\/atlanttic.uvigo.es\\\/gl\\\/transferencia\\\/socios-tecnoloxicos\\\/\"]}]},{\"@type\":\"BreadcrumbList\",\"@id\":\"https:\\\/\\\/atlanttic.uvigo.es\\\/gl\\\/transferencia\\\/socios-tecnoloxicos\\\/#breadcrumb\",\"itemListElement\":[{\"@type\":\"ListItem\",\"position\":1,\"name\":\"Portada\",\"item\":\"https:\\\/\\\/atlanttic.uvigo.es\\\/gl\\\/\"},{\"@type\":\"ListItem\",\"position\":2,\"name\":\"Transferencia\",\"item\":\"https:\\\/\\\/atlanttic.uvigo.es\\\/gl\\\/transferencia\\\/\"},{\"@type\":\"ListItem\",\"position\":3,\"name\":\"Socios tecnol\u00f3xicos\"}]},{\"@type\":\"WebSite\",\"@id\":\"https:\\\/\\\/atlanttic.uvigo.es\\\/gl\\\/#website\",\"url\":\"https:\\\/\\\/atlanttic.uvigo.es\\\/gl\\\/\",\"name\":\"atlanTTic\",\"description\":\"\",\"publisher\":{\"@id\":\"https:\\\/\\\/atlanttic.uvigo.es\\\/gl\\\/#organization\"},\"potentialAction\":[{\"@type\":\"SearchAction\",\"target\":{\"@type\":\"EntryPoint\",\"urlTemplate\":\"https:\\\/\\\/atlanttic.uvigo.es\\\/gl\\\/?s={search_term_string}\"},\"query-input\":{\"@type\":\"PropertyValueSpecification\",\"valueRequired\":true,\"valueName\":\"search_term_string\"}}],\"inLanguage\":\"gl-ES\"},{\"@type\":\"Organization\",\"@id\":\"https:\\\/\\\/atlanttic.uvigo.es\\\/gl\\\/#organization\",\"name\":\"atlanTTic\",\"url\":\"https:\\\/\\\/atlanttic.uvigo.es\\\/gl\\\/\",\"logo\":{\"@type\":\"ImageObject\",\"inLanguage\":\"gl-ES\",\"@id\":\"https:\\\/\\\/atlanttic.uvigo.es\\\/gl\\\/#\\\/schema\\\/logo\\\/image\\\/\",\"url\":\"https:\\\/\\\/atlanttic.uvigo.es\\\/wp-content\\\/uploads\\\/2022\\\/08\\\/atlanttic-logo.png\",\"contentUrl\":\"https:\\\/\\\/atlanttic.uvigo.es\\\/wp-content\\\/uploads\\\/2022\\\/08\\\/atlanttic-logo.png\",\"width\":551,\"height\":160,\"caption\":\"atlanTTic\"},\"image\":{\"@id\":\"https:\\\/\\\/atlanttic.uvigo.es\\\/gl\\\/#\\\/schema\\\/logo\\\/image\\\/\"}}]}<\/script>\n<!-- \/ Yoast SEO plugin. -->","yoast_head_json":{"title":"Socios tecnol\u00f3xicos - atlanTTic","robots":{"index":"index","follow":"follow","max-snippet":"max-snippet:-1","max-image-preview":"max-image-preview:large","max-video-preview":"max-video-preview:-1"},"canonical":"https:\/\/atlanttic.uvigo.es\/gl\/transferencia\/socios-tecnoloxicos\/","og_locale":"gl_ES","og_type":"article","og_title":"Socios tecnol\u00f3xicos - atlanTTic","og_description":"O noso obxectivo de transferir ao tecido industrial material\u00edzase na estreita colaboraci\u00f3n a nivel rexional, nacional e internacional con diversos referentes tecnol\u00f3xicos nos nosos&hellip;","og_url":"https:\/\/atlanttic.uvigo.es\/gl\/transferencia\/socios-tecnoloxicos\/","og_site_name":"atlanTTic","article_modified_time":"2023-10-03T09:06:48+00:00","twitter_card":"summary_large_image","twitter_misc":{"Tempo de lectura":"1 minuto"},"schema":{"@context":"https:\/\/schema.org","@graph":[{"@type":"WebPage","@id":"https:\/\/atlanttic.uvigo.es\/gl\/transferencia\/socios-tecnoloxicos\/","url":"https:\/\/atlanttic.uvigo.es\/gl\/transferencia\/socios-tecnoloxicos\/","name":"Socios tecnol\u00f3xicos - atlanTTic","isPartOf":{"@id":"https:\/\/atlanttic.uvigo.es\/gl\/#website"},"datePublished":"2022-09-07T09:11:31+00:00","dateModified":"2023-10-03T09:06:48+00:00","breadcrumb":{"@id":"https:\/\/atlanttic.uvigo.es\/gl\/transferencia\/socios-tecnoloxicos\/#breadcrumb"},"inLanguage":"gl-ES","potentialAction":[{"@type":"ReadAction","target":["https:\/\/atlanttic.uvigo.es\/gl\/transferencia\/socios-tecnoloxicos\/"]}]},{"@type":"BreadcrumbList","@id":"https:\/\/atlanttic.uvigo.es\/gl\/transferencia\/socios-tecnoloxicos\/#breadcrumb","itemListElement":[{"@type":"ListItem","position":1,"name":"Portada","item":"https:\/\/atlanttic.uvigo.es\/gl\/"},{"@type":"ListItem","position":2,"name":"Transferencia","item":"https:\/\/atlanttic.uvigo.es\/gl\/transferencia\/"},{"@type":"ListItem","position":3,"name":"Socios tecnol\u00f3xicos"}]},{"@type":"WebSite","@id":"https:\/\/atlanttic.uvigo.es\/gl\/#website","url":"https:\/\/atlanttic.uvigo.es\/gl\/","name":"atlanTTic","description":"","publisher":{"@id":"https:\/\/atlanttic.uvigo.es\/gl\/#organization"},"potentialAction":[{"@type":"SearchAction","target":{"@type":"EntryPoint","urlTemplate":"https:\/\/atlanttic.uvigo.es\/gl\/?s={search_term_string}"},"query-input":{"@type":"PropertyValueSpecification","valueRequired":true,"valueName":"search_term_string"}}],"inLanguage":"gl-ES"},{"@type":"Organization","@id":"https:\/\/atlanttic.uvigo.es\/gl\/#organization","name":"atlanTTic","url":"https:\/\/atlanttic.uvigo.es\/gl\/","logo":{"@type":"ImageObject","inLanguage":"gl-ES","@id":"https:\/\/atlanttic.uvigo.es\/gl\/#\/schema\/logo\/image\/","url":"https:\/\/atlanttic.uvigo.es\/wp-content\/uploads\/2022\/08\/atlanttic-logo.png","contentUrl":"https:\/\/atlanttic.uvigo.es\/wp-content\/uploads\/2022\/08\/atlanttic-logo.png","width":551,"height":160,"caption":"atlanTTic"},"image":{"@id":"https:\/\/atlanttic.uvigo.es\/gl\/#\/schema\/logo\/image\/"}}]}},"_links":{"self":[{"href":"https:\/\/atlanttic.uvigo.es\/gl\/wp-json\/wp\/v2\/pages\/263299","targetHints":{"allow":["GET"]}}],"collection":[{"href":"https:\/\/atlanttic.uvigo.es\/gl\/wp-json\/wp\/v2\/pages"}],"about":[{"href":"https:\/\/atlanttic.uvigo.es\/gl\/wp-json\/wp\/v2\/types\/page"}],"author":[{"embeddable":true,"href":"https:\/\/atlanttic.uvigo.es\/gl\/wp-json\/wp\/v2\/users\/1"}],"replies":[{"embeddable":true,"href":"https:\/\/atlanttic.uvigo.es\/gl\/wp-json\/wp\/v2\/comments?post=263299"}],"version-history":[{"count":14,"href":"https:\/\/atlanttic.uvigo.es\/gl\/wp-json\/wp\/v2\/pages\/263299\/revisions"}],"predecessor-version":[{"id":279152,"href":"https:\/\/atlanttic.uvigo.es\/gl\/wp-json\/wp\/v2\/pages\/263299\/revisions\/279152"}],"up":[{"embeddable":true,"href":"https:\/\/atlanttic.uvigo.es\/gl\/wp-json\/wp\/v2\/pages\/263214"}],"wp:attachment":[{"href":"https:\/\/atlanttic.uvigo.es\/gl\/wp-json\/wp\/v2\/media?parent=263299"}],"curies":[{"name":"wp","href":"https:\/\/api.w.org\/{rel}","templated":true}]}}